{"id":129,"date":"2023-09-30T21:53:24","date_gmt":"2023-10-01T00:53:24","guid":{"rendered":"https:\/\/noticiasbahia360.com.br\/?page_id=129"},"modified":"2023-10-03T12:31:47","modified_gmt":"2023-10-03T15:31:47","slug":"politica","status":"publish","type":"page","link":"https:\/\/noticiasbahia360.com.br\/?page_id=129","title":{"rendered":"Pol\u00edtica"},"content":{"rendered":"\n<p><\/p>\n\n\n\n<h2 class=\"wp-block-heading\">Eremita busca, junto ao Senado, oficinas de capacita\u00e7\u00e3o para servidor da C\u00e2mara<\/h2>\n\n\n\n<p>Ap\u00f3s obter uma economia de aproximadamente R$ 150 mil para os cofres p\u00fablicos, com a gest\u00e3o do painel eletr\u00f4nico do plen\u00e1rio pelo Interlegis, a C\u00e2mara de Feira de Santana avan\u00e7a, em tratativas com o Senado, para que este programa \u2013 refer\u00eancia nacional como instrumento de apoio no processo de moderniza\u00e7\u00e3o, transpar\u00eancia e integra\u00e7\u00e3o do Poder Legislativo Brasileiro \u2013 disponibilize, sem custos, uma s\u00e9rie de oficinas visando capacita\u00e7\u00e3o e treinamento para servidores da Casa da Cidadania.<\/p>\n\n\n\n<p>A presidente Eremita Mota (PSDB) protocolou recentemente of\u00edcio com essa finalidade no gabinete do senador baiano Jaques Wagner. O acesso \u00e0 tecnologia e servi\u00e7os do Interlegis deve ser encaminhado ao \u00f3rg\u00e3o atrav\u00e9s de um dos senadores.<\/p>\n\n\n\n<p>As oficinas podem beneficiar tamb\u00e9m parlamentares e ocupantes de cargos de assessoria, inclusive de munic\u00edpios pr\u00f3ximos de Feira de Santana, que \u00e9 sede de uma Regi\u00e3o Metropolitana. \u201cConfiamos que o atendimento a esta solicita\u00e7\u00e3o permitir\u00e1, al\u00e9m da qualifica\u00e7\u00e3o t\u00e9cnica, uma economia significativa de recursos financeiros, nas \u00e1reas de Tecnologia da Informa\u00e7\u00e3o e Capacita\u00e7\u00e3o de Recursos Humanos\u201d, diz a dirigente da C\u00e2mara, no documento.<\/p>\n\n\n\n<p>Eremita est\u00e1 confiante de que o pleito ser\u00e1 atendido, na medida em que h\u00e1 iniciativa do pr\u00f3prio Jaques Wagner no sentido de autorizar as a\u00e7\u00f5es do Interlegis quanto \u00e0 oferta de ferramentas tecnol\u00f3gicas para institui\u00e7\u00f5es legislativas e \u00e0 capacita\u00e7\u00e3o e treinamento, sem \u00f4nus direto e por meio da colabora\u00e7\u00e3o de servidores especializados do Senado Federal, nas chamadas Oficinas Interlegis. Ela assinala, no of\u00edcio, tamb\u00e9m ter ci\u00eancia de que a solicita\u00e7\u00e3o de treinamento e capacita\u00e7\u00e3o deve observar as instala\u00e7\u00f5es f\u00edsicas, operacionais e de pessoal (infraestrutura das casas legislativas) direcionando esfor\u00e7os para cidades que possuam mais de 20 mil habitantes e que consigam receber parlamentares e servidores de munic\u00edpios vizinhos.<\/p>\n","protected":false},"excerpt":{"rendered":"<p>Eremita busca, junto ao Senado, oficinas de capacita\u00e7\u00e3o para servidor da C\u00e2mara Ap\u00f3s obter uma<\/p>\n","protected":false},"author":1,"featured_media":0,"parent":0,"menu_order":0,"comment_status":"closed","ping_status":"closed","template":"","meta":{"footnotes":""},"class_list":["post-129","page","type-page","status-publish","hentry"],"_links":{"self":[{"href":"https:\/\/noticiasbahia360.com.br\/index.php?rest_route=\/wp\/v2\/pages\/129","targetHints":{"allow":["GET"]}}],"collection":[{"href":"https:\/\/noticiasbahia360.com.br\/index.php?rest_route=\/wp\/v2\/pages"}],"about":[{"href":"https:\/\/noticiasbahia360.com.br\/index.php?rest_route=\/wp\/v2\/types\/page"}],"author":[{"embeddable":true,"href":"https:\/\/noticiasbahia360.com.br\/index.php?rest_route=\/wp\/v2\/users\/1"}],"replies":[{"embeddable":true,"href":"https:\/\/noticiasbahia360.com.br\/index.php?rest_route=%2Fwp%2Fv2%2Fcomments&post=129"}],"version-history":[{"count":3,"href":"https:\/\/noticiasbahia360.com.br\/index.php?rest_route=\/wp\/v2\/pages\/129\/revisions"}],"predecessor-version":[{"id":1065,"href":"https:\/\/noticiasbahia360.com.br\/index.php?rest_route=\/wp\/v2\/pages\/129\/revisions\/1065"}],"wp:attachment":[{"href":"https:\/\/noticiasbahia360.com.br\/index.php?rest_route=%2Fwp%2Fv2%2Fmedia&parent=129"}],"curies":[{"name":"wp","href":"https:\/\/api.w.org\/{rel}","templated":true}]}}